{"id":1458,"date":"2025-07-24T15:35:18","date_gmt":"2025-07-24T15:35:18","guid":{"rendered":"https:\/\/sigl-bedachungen.de\/?page_id=1458"},"modified":"2025-07-24T22:33:25","modified_gmt":"2025-07-24T22:33:25","slug":"dachflaechenfenster","status":"publish","type":"page","link":"https:\/\/sigl-bedachungen.de\/?page_id=1458","title":{"rendered":"Dachfl\u00e4chenfenster"},"content":{"rendered":"<p>[et_pb_section fb_built=&#8220;1&#8243; fullwidth=&#8220;on&#8220; custom_padding_last_edited=&#8220;on|desktop&#8220; admin_label=&#8220;Sektion&#8220; _builder_version=&#8220;4.27.4&#8243; custom_padding_tablet=&#8220;50px|0|50px|0&#8243; custom_padding_phone=&#8220;&#8220; transparent_background=&#8220;off&#8220; padding_mobile=&#8220;off&#8220; make_fullwidth=&#8220;off&#8220; use_custom_width=&#8220;off&#8220; width_unit=&#8220;on&#8220; global_colors_info=&#8220;{}&#8220;][et_pb_fullwidth_slider use_text_overlay=&#8220;on&#8220; text_overlay_color=&#8220;rgba(0,0,0,0.61)&#8220; admin_label=&#8220;Leistungen Header&#8220; _builder_version=&#8220;4.27.4&#8243; header_font=&#8220;|on|||&#8220; parallax=&#8220;on&#8220; parallax_method=&#8220;on&#8220; custom_button=&#8220;on&#8220; button_bg_color=&#8220;rgba(0,0,0,0.32)&#8220; max_height=&#8220;700px&#8220; custom_padding=&#8220;20%||30%|&#8220; custom_padding_tablet=&#8220;|||&#8220; custom_padding_phone=&#8220;|||&#8220; auto=&#8220;on&#8220; box_shadow_style=&#8220;preset6&#8243; box_shadow_blur=&#8220;10px&#8220; box_shadow_color=&#8220;rgba(0,0,0,0.1)&#8220; top_padding=&#8220;20%&#8220; bottom_padding=&#8220;30%&#8220; remove_inner_shadow=&#8220;off&#8220; hide_content_on_mobile=&#8220;off&#8220; hide_cta_on_mobile=&#8220;off&#8220; show_inner_shadow=&#8220;on&#8220; button_letter_spacing_hover=&#8220;0&#8243; saved_tabs=&#8220;all&#8220; global_colors_info=&#8220;{}&#8220; button_text_size__hover_enabled=&#8220;off&#8220; button_one_text_size__hover_enabled=&#8220;off&#8220; button_two_text_size__hover_enabled=&#8220;off&#8220; button_text_color__hover_enabled=&#8220;off&#8220; button_one_text_color__hover_enabled=&#8220;off&#8220; button_two_text_color__hover_enabled=&#8220;off&#8220; button_border_width__hover_enabled=&#8220;off&#8220; button_one_border_width__hover_enabled=&#8220;off&#8220; button_two_border_width__hover_enabled=&#8220;off&#8220; button_border_color__hover_enabled=&#8220;off&#8220; button_one_border_color__hover_enabled=&#8220;off&#8220; button_two_border_color__hover_enabled=&#8220;off&#8220; button_border_radius__hover_enabled=&#8220;off&#8220; button_one_border_radius__hover_enabled=&#8220;off&#8220; button_two_border_radius__hover_enabled=&#8220;off&#8220; button_letter_spacing__hover_enabled=&#8220;on&#8220; button_letter_spacing__hover=&#8220;0&#8243; button_one_letter_spacing__hover_enabled=&#8220;off&#8220; button_two_letter_spacing__hover_enabled=&#8220;off&#8220; button_bg_color__hover_enabled=&#8220;off&#8220; button_one_bg_color__hover_enabled=&#8220;off&#8220; button_two_bg_color__hover_enabled=&#8220;off&#8220; global_module=&#8220;1556&#8243; theme_builder_area=&#8220;post_content&#8220;][et_pb_slide heading=&#8220;Wir bringen alle Arbeiten unter ein Dach!&#8220; button_link=&#8220;#start&#8220; _builder_version=&#8220;4.27.4&#8243; background_color=&#8220;#ffffff&#8220; background_image=&#8220;https:\/\/sigl-bedachungen.de\/wp-content\/uploads\/2025\/07\/sigl-bedachungen-dach-5-scaled.jpg&#8220; background_enable_image=&#8220;on&#8220; background_position=&#8220;bottom_center&#8220; button_icon_placement=&#8220;right&#8220; button_on_hover=&#8220;on&#8220; custom_padding=&#8220;300px||||false|false&#8220; global_colors_info=&#8220;{}&#8220; button_text_size__hover_enabled=&#8220;off&#8220; button_one_text_size__hover_enabled=&#8220;off&#8220; button_two_text_size__hover_enabled=&#8220;off&#8220; button_text_color__hover_enabled=&#8220;off&#8220; button_one_text_color__hover_enabled=&#8220;off&#8220; button_two_text_color__hover_enabled=&#8220;off&#8220; button_border_width__hover_enabled=&#8220;off&#8220; button_one_border_width__hover_enabled=&#8220;off&#8220; button_two_border_width__hover_enabled=&#8220;off&#8220; button_border_color__hover_enabled=&#8220;off&#8220; button_one_border_color__hover_enabled=&#8220;off&#8220; button_two_border_color__hover_enabled=&#8220;off&#8220; button_border_radius__hover_enabled=&#8220;off&#8220; button_one_border_radius__hover_enabled=&#8220;off&#8220; button_two_border_radius__hover_enabled=&#8220;off&#8220; button_letter_spacing__hover_enabled=&#8220;off&#8220; button_one_letter_spacing__hover_enabled=&#8220;off&#8220; button_two_letter_spacing__hover_enabled=&#8220;off&#8220; button_bg_color__hover_enabled=&#8220;off&#8220; button_one_bg_color__hover_enabled=&#8220;off&#8220; button_two_bg_color__hover_enabled=&#8220;off&#8220; sticky_transition=&#8220;on&#8220; theme_builder_area=&#8220;post_content&#8220;][\/et_pb_slide][\/et_pb_fullwidth_slider][\/et_pb_section][et_pb_section fb_built=&#8220;1&#8243; custom_padding_last_edited=&#8220;on|desktop&#8220; admin_label=&#8220;section&#8220; module_id=&#8220;start&#8220; _builder_version=&#8220;4.16&#8243; custom_padding=&#8220;|||&#8220; custom_padding_tablet=&#8220;50px|0|50px|0&#8243; custom_padding_phone=&#8220;&#8220; transparent_background=&#8220;off&#8220; padding_mobile=&#8220;off&#8220; make_fullwidth=&#8220;off&#8220; use_custom_width=&#8220;off&#8220; width_unit=&#8220;on&#8220; global_colors_info=&#8220;{}&#8220;][et_pb_row column_structure=&#8220;1_4,3_4&#8243; padding_mobile=&#8220;off&#8220; column_padding_mobile=&#8220;on&#8220; admin_label=&#8220;row&#8220; _builder_version=&#8220;4.16&#8243; background_size=&#8220;initial&#8220; background_position=&#8220;top_left&#8220; background_repeat=&#8220;repeat&#8220; custom_padding=&#8220;|&#8220; make_fullwidth=&#8220;off&#8220; use_custom_width=&#8220;off&#8220; width_unit=&#8220;on&#8220; global_colors_info=&#8220;{}&#8220;][et_pb_column type=&#8220;1_4&#8243; _builder_version=&#8220;4.16&#8243; custom_padding=&#8220;|||&#8220; global_colors_info=&#8220;{}&#8220; custom_padding__hover=&#8220;|||&#8220;][et_pb_text admin_label=&#8220;Text&#8220; _builder_version=&#8220;4.27.4&#8243; text_font_size=&#8220;18&#8243; text_line_height=&#8220;2em&#8220; background_size=&#8220;initial&#8220; background_position=&#8220;top_left&#8220; background_repeat=&#8220;repeat&#8220; use_border_color=&#8220;off&#8220; border_color=&#8220;#ffffff&#8220; border_style=&#8220;solid&#8220; global_colors_info=&#8220;{}&#8220;]<\/p>\n<h1>UNSERE LEISTUNGEN.<\/h1>\n<p>[\/et_pb_text][\/et_pb_column][et_pb_column type=&#8220;3_4&#8243; _builder_version=&#8220;4.16&#8243; custom_padding=&#8220;|||&#8220; global_colors_info=&#8220;{}&#8220; custom_padding__hover=&#8220;|||&#8220;][et_pb_text admin_label=&#8220;Text&#8220; _builder_version=&#8220;4.27.4&#8243; text_font_size=&#8220;18&#8243; text_line_height=&#8220;2em&#8220; background_size=&#8220;initial&#8220; background_position=&#8220;top_left&#8220; background_repeat=&#8220;repeat&#8220; use_border_color=&#8220;off&#8220; border_color=&#8220;#ffffff&#8220; border_style=&#8220;solid&#8220; global_colors_info=&#8220;{}&#8220;]<\/p>\n<h3><span style=\"color: #eb5b2b;\">DACHFL\u00c4CHENFENSTER<\/span><\/h3>\n<p>Austausch und Neueinbau von Dachfl\u00e4chenfenstern aller Art mit ausgew\u00e4hlten Herstellern. Wir beraten Sie f\u00fcr die optimale Lichtl\u00f6sung in Ihrem Dachgeschoss und haben, bei Bedarf, auch einen Zimmerer und Innenausbauer zur Hand.<\/p>\n<p><strong>Partner:<\/strong><\/p>\n<p>[\/et_pb_text][\/et_pb_column][\/et_pb_row][et_pb_row column_structure=&#8220;1_4,1_4,1_4,1_4&#8243; _builder_version=&#8220;4.27.4&#8243; _module_preset=&#8220;default&#8220; global_colors_info=&#8220;{}&#8220;][et_pb_column type=&#8220;1_4&#8243; _builder_version=&#8220;4.27.4&#8243; _module_preset=&#8220;default&#8220; global_colors_info=&#8220;{}&#8220;][\/et_pb_column][et_pb_column type=&#8220;1_4&#8243; _builder_version=&#8220;4.27.4&#8243; _module_preset=&#8220;default&#8220; global_colors_info=&#8220;{}&#8220;][et_pb_image src=&#8220;https:\/\/sigl-bedachungen.de\/wp-content\/uploads\/2025\/07\/Velux_logo.svg_.png&#8220; title_text=&#8220;Velux_logo.svg&#8220; url=&#8220;https:\/\/www.velux.com\/&#8220; url_new_window=&#8220;on&#8220; _builder_version=&#8220;4.27.4&#8243; _module_preset=&#8220;default&#8220; global_colors_info=&#8220;{}&#8220;][\/et_pb_image][\/et_pb_column][et_pb_column type=&#8220;1_4&#8243; _builder_version=&#8220;4.27.4&#8243; _module_preset=&#8220;default&#8220; global_colors_info=&#8220;{}&#8220;][et_pb_image src=&#8220;https:\/\/sigl-bedachungen.de\/wp-content\/uploads\/2025\/07\/Roto_Frank.svg_.png&#8220; title_text=&#8220;Roto_Frank.svg&#8220; url=&#8220;https:\/\/www.roto-frank.com\/de\/&#8220; url_new_window=&#8220;on&#8220; _builder_version=&#8220;4.27.4&#8243; _module_preset=&#8220;default&#8220; global_colors_info=&#8220;{}&#8220;][\/et_pb_image][\/et_pb_column][et_pb_column type=&#8220;1_4&#8243; _builder_version=&#8220;4.27.4&#8243; _module_preset=&#8220;default&#8220; global_colors_info=&#8220;{}&#8220;][\/et_pb_column][\/et_pb_row][et_pb_row _builder_version=&#8220;4.27.4&#8243; _module_preset=&#8220;default&#8220; global_colors_info=&#8220;{}&#8220;][et_pb_column type=&#8220;4_4&#8243; _builder_version=&#8220;4.27.4&#8243; _module_preset=&#8220;default&#8220; global_colors_info=&#8220;{}&#8220;][et_pb_divider color=&#8220;#000000&#8243; divider_style=&#8220;dashed&#8220; divider_weight=&#8220;2&#8243; admin_label=&#8220;Teiler&#8220; _builder_version=&#8220;4.16&#8243; hide_on_mobile=&#8220;off&#8220; global_colors_info=&#8220;{}&#8220;][\/et_pb_divider][\/et_pb_column][\/et_pb_row][et_pb_row column_structure=&#8220;1_4,1_4,1_4,1_4&#8243; _builder_version=&#8220;4.27.4&#8243; _module_preset=&#8220;default&#8220; global_module=&#8220;1307&#8243; global_colors_info=&#8220;{}&#8220;][et_pb_column type=&#8220;1_4&#8243; _builder_version=&#8220;4.27.4&#8243; _module_preset=&#8220;default&#8220; global_colors_info=&#8220;{}&#8220;][et_pb_image src=&#8220;https:\/\/sigl-bedachungen.de\/wp-content\/uploads\/2025\/07\/GmbH_Quadrat-scaled.jpg&#8220; title_text=&#8220;GmbH_Quadrat&#8220; url=&#8220;@ET-DC@eyJkeW5hbWljIjp0cnVlLCJjb250ZW50IjoicG9zdF9saW5rX3VybF9wYWdlIiwic2V0dGluZ3MiOnsicG9zdF9pZCI6IjEzNjkifX0=@&#8220; use_overlay=&#8220;on&#8220; overlay_icon_color=&#8220;#eb5b2b&#8220; _builder_version=&#8220;4.27.4&#8243; _dynamic_attributes=&#8220;url&#8220; _module_preset=&#8220;default&#8220; global_colors_info=&#8220;{}&#8220;][\/et_pb_image][et_pb_text _builder_version=&#8220;4.27.4&#8243; _dynamic_attributes=&#8220;link_option_url&#8220; _module_preset=&#8220;default&#8220; background_enable_image=&#8220;off&#8220; link_option_url=&#8220;@ET-DC@eyJkeW5hbWljIjp0cnVlLCJjb250ZW50IjoicG9zdF9saW5rX3VybF9wYWdlIiwic2V0dGluZ3MiOnsicG9zdF9pZCI6IjEzNjkifX0=@&#8220; global_colors_info=&#8220;{}&#8220;]<\/p>\n<h1 style=\"text-align: center;\"><span style=\"color: #eb5b2b;\"><strong>BLECHD\u00c4CHER<\/strong><\/span><\/h1>\n<p>[\/et_pb_text][\/et_pb_column][et_pb_column type=&#8220;1_4&#8243; _builder_version=&#8220;4.27.4&#8243; _module_preset=&#8220;default&#8220; global_colors_info=&#8220;{}&#8220;][et_pb_image src=&#8220;https:\/\/sigl-bedachungen.de\/wp-content\/uploads\/2025\/07\/sigl-bedachungen-ziegel-quadrat-scaled.jpg&#8220; title_text=&#8220;sigl-bedachungen-ziegel-quadrat&#8220; url=&#8220;@ET-DC@eyJkeW5hbWljIjp0cnVlLCJjb250ZW50IjoicG9zdF9saW5rX3VybF9wYWdlIiwic2V0dGluZ3MiOnsicG9zdF9pZCI6IjE0MDkifX0=@&#8220; use_overlay=&#8220;on&#8220; overlay_icon_color=&#8220;#eb5b2b&#8220; _builder_version=&#8220;4.27.4&#8243; _dynamic_attributes=&#8220;url&#8220; _module_preset=&#8220;default&#8220; global_colors_info=&#8220;{}&#8220;][\/et_pb_image][et_pb_text _builder_version=&#8220;4.27.4&#8243; _dynamic_attributes=&#8220;link_option_url&#8220; _module_preset=&#8220;default&#8220; background_enable_image=&#8220;off&#8220; link_option_url=&#8220;@ET-DC@eyJkeW5hbWljIjp0cnVlLCJjb250ZW50IjoicG9zdF9saW5rX3VybF9wYWdlIiwic2V0dGluZ3MiOnsicG9zdF9pZCI6IjE0MDkifX0=@&#8220; global_colors_info=&#8220;{}&#8220;]<\/p>\n<h1 style=\"text-align: center;\"><span style=\"color: #eb5b2b;\"><strong>ZIEGELD\u00c4CHER<\/strong><\/span><\/h1>\n<p>[\/et_pb_text][\/et_pb_column][et_pb_column type=&#8220;1_4&#8243; _builder_version=&#8220;4.27.4&#8243; _module_preset=&#8220;default&#8220; global_colors_info=&#8220;{}&#8220;][et_pb_image src=&#8220;https:\/\/sigl-bedachungen.de\/wp-content\/uploads\/2025\/07\/sigl-bedachungen-energetik-quadrat-scaled.jpg&#8220; title_text=&#8220;sigl-bedachungen-energetik-quadrat&#8220; url=&#8220;@ET-DC@eyJkeW5hbWljIjp0cnVlLCJjb250ZW50IjoicG9zdF9saW5rX3VybF9wYWdlIiwic2V0dGluZ3MiOnsicG9zdF9pZCI6IjE1MzAifX0=@&#8220; use_overlay=&#8220;on&#8220; overlay_icon_color=&#8220;#eb5b2b&#8220; _builder_version=&#8220;4.27.4&#8243; _dynamic_attributes=&#8220;url&#8220; _module_preset=&#8220;default&#8220; global_colors_info=&#8220;{}&#8220;][\/et_pb_image][et_pb_text _builder_version=&#8220;4.27.4&#8243; _dynamic_attributes=&#8220;link_option_url&#8220; _module_preset=&#8220;default&#8220; background_enable_image=&#8220;off&#8220; link_option_url=&#8220;@ET-DC@eyJkeW5hbWljIjp0cnVlLCJjb250ZW50IjoicG9zdF9saW5rX3VybF9wYWdlIiwic2V0dGluZ3MiOnsicG9zdF9pZCI6IjE1MzAifX0=@&#8220; global_colors_info=&#8220;{}&#8220;]<\/p>\n<h1 style=\"text-align: center;\"><span style=\"color: #eb5b2b;\"><strong>ENERGETISCHE SANIERUNGEN<\/strong><\/span><\/h1>\n<p>[\/et_pb_text][\/et_pb_column][et_pb_column type=&#8220;1_4&#8243; _builder_version=&#8220;4.27.4&#8243; _module_preset=&#8220;default&#8220; global_colors_info=&#8220;{}&#8220;][et_pb_image src=&#8220;https:\/\/sigl-bedachungen.de\/wp-content\/uploads\/2025\/07\/sigl-bedachungen-pv-anlage-quadrat-scaled.jpg&#8220; title_text=&#8220;sigl-bedachungen-pv-anlage-quadrat&#8220; url=&#8220;@ET-DC@eyJkeW5hbWljIjp0cnVlLCJjb250ZW50IjoicG9zdF9saW5rX3VybF9wYWdlIiwic2V0dGluZ3MiOnsicG9zdF9pZCI6IjE0MjkifX0=@&#8220; use_overlay=&#8220;on&#8220; overlay_icon_color=&#8220;#eb5b2b&#8220; _builder_version=&#8220;4.27.4&#8243; _dynamic_attributes=&#8220;url&#8220; _module_preset=&#8220;default&#8220; global_colors_info=&#8220;{}&#8220;][\/et_pb_image][et_pb_text _builder_version=&#8220;4.27.4&#8243; _dynamic_attributes=&#8220;link_option_url&#8220; _module_preset=&#8220;default&#8220; background_enable_image=&#8220;off&#8220; link_option_url=&#8220;@ET-DC@eyJkeW5hbWljIjp0cnVlLCJjb250ZW50IjoicG9zdF9saW5rX3VybF9wYWdlIiwic2V0dGluZ3MiOnsicG9zdF9pZCI6IjE0MjkifX0=@&#8220; global_colors_info=&#8220;{}&#8220;]<\/p>\n<h1 style=\"text-align: center;\"><span style=\"color: #eb5b2b;\"><strong>PV ANLAGEN<\/strong><\/span><\/h1>\n<p>[\/et_pb_text][\/et_pb_column][\/et_pb_row][et_pb_row column_structure=&#8220;1_4,1_4,1_4,1_4&#8243; _builder_version=&#8220;4.27.4&#8243; _module_preset=&#8220;default&#8220; global_module=&#8220;1308&#8243; global_colors_info=&#8220;{}&#8220;][et_pb_column type=&#8220;1_4&#8243; _builder_version=&#8220;4.27.4&#8243; _module_preset=&#8220;default&#8220; global_colors_info=&#8220;{}&#8220;][et_pb_image src=&#8220;https:\/\/sigl-bedachungen.de\/wp-content\/uploads\/2025\/07\/sigl-bedachungen-material-quadrat-scaled.jpg&#8220; title_text=&#8220;sigl-bedachungen-material-quadrat&#8220; url=&#8220;@ET-DC@eyJkeW5hbWljIjp0cnVlLCJjb250ZW50IjoicG9zdF9saW5rX3VybF9wYWdlIiwic2V0dGluZ3MiOnsicG9zdF9pZCI6IjE0NDMifX0=@&#8220; use_overlay=&#8220;on&#8220; overlay_icon_color=&#8220;#eb5b2b&#8220; _builder_version=&#8220;4.27.4&#8243; _dynamic_attributes=&#8220;url&#8220; _module_preset=&#8220;default&#8220; global_colors_info=&#8220;{}&#8220;][\/et_pb_image][et_pb_text _builder_version=&#8220;4.27.4&#8243; _module_preset=&#8220;default&#8220; background_enable_image=&#8220;off&#8220; link_option_url=&#8220;#&#8220; global_colors_info=&#8220;{}&#8220;]<\/p>\n<h1 style=\"text-align: center;\"><span style=\"color: #eb5b2b;\"><strong>SPENGLER ARBEITEN<\/strong><\/span><\/h1>\n<p>[\/et_pb_text][\/et_pb_column][et_pb_column type=&#8220;1_4&#8243; _builder_version=&#8220;4.27.4&#8243; _module_preset=&#8220;default&#8220; global_colors_info=&#8220;{}&#8220;][et_pb_image src=&#8220;https:\/\/sigl-bedachungen.de\/wp-content\/uploads\/2025\/07\/sigl-bedachungen-fenster-quadrat-scaled.jpg&#8220; title_text=&#8220;sigl-bedachungen-fenster-quadrat&#8220; url=&#8220;@ET-DC@eyJkeW5hbWljIjp0cnVlLCJjb250ZW50IjoicG9zdF9saW5rX3VybF9wYWdlIiwic2V0dGluZ3MiOnsicG9zdF9pZCI6IjE0NTgifX0=@&#8220; use_overlay=&#8220;on&#8220; overlay_icon_color=&#8220;#eb5b2b&#8220; _builder_version=&#8220;4.27.4&#8243; _dynamic_attributes=&#8220;url&#8220; _module_preset=&#8220;default&#8220; global_colors_info=&#8220;{}&#8220;][\/et_pb_image][et_pb_text _builder_version=&#8220;4.27.4&#8243; _dynamic_attributes=&#8220;link_option_url&#8220; _module_preset=&#8220;default&#8220; background_enable_image=&#8220;off&#8220; link_option_url=&#8220;@ET-DC@eyJkeW5hbWljIjp0cnVlLCJjb250ZW50IjoicG9zdF9saW5rX3VybF9wYWdlIiwic2V0dGluZ3MiOnsicG9zdF9pZCI6IjE0NTgifX0=@&#8220; global_colors_info=&#8220;{}&#8220;]<\/p>\n<h1 style=\"text-align: center;\"><span style=\"color: #eb5b2b;\"><strong>DACHFL\u00c4CHEN FENSTER<\/strong><\/span><\/h1>\n<p>[\/et_pb_text][\/et_pb_column][et_pb_column type=&#8220;1_4&#8243; _builder_version=&#8220;4.27.4&#8243; _module_preset=&#8220;default&#8220; global_colors_info=&#8220;{}&#8220;][et_pb_image src=&#8220;https:\/\/sigl-bedachungen.de\/wp-content\/uploads\/2025\/07\/sigl-bedachungen-dachwartung-quadrat-scaled.jpg&#8220; title_text=&#8220;sigl-bedachungen-dachwartung-quadrat&#8220; url=&#8220;@ET-DC@eyJkeW5hbWljIjp0cnVlLCJjb250ZW50IjoicG9zdF9saW5rX3VybF9wYWdlIiwic2V0dGluZ3MiOnsicG9zdF9pZCI6IjE0NzAifX0=@&#8220; use_overlay=&#8220;on&#8220; overlay_icon_color=&#8220;#eb5b2b&#8220; _builder_version=&#8220;4.27.4&#8243; _dynamic_attributes=&#8220;url&#8220; _module_preset=&#8220;default&#8220; global_colors_info=&#8220;{}&#8220;][\/et_pb_image][et_pb_text _builder_version=&#8220;4.27.4&#8243; _dynamic_attributes=&#8220;link_option_url&#8220; _module_preset=&#8220;default&#8220; background_enable_image=&#8220;off&#8220; link_option_url=&#8220;@ET-DC@eyJkeW5hbWljIjp0cnVlLCJjb250ZW50IjoicG9zdF9saW5rX3VybF9wYWdlIiwic2V0dGluZ3MiOnsicG9zdF9pZCI6IjE0NzAifX0=@&#8220; global_colors_info=&#8220;{}&#8220;]<\/p>\n<h1 style=\"text-align: center;\"><span style=\"color: #eb5b2b;\"><strong>DACHWARTUNG<\/strong><\/span><\/h1>\n<p>[\/et_pb_text][\/et_pb_column][et_pb_column type=&#8220;1_4&#8243; _builder_version=&#8220;4.27.4&#8243; _module_preset=&#8220;default&#8220; global_colors_info=&#8220;{}&#8220;][et_pb_image src=&#8220;https:\/\/sigl-bedachungen.de\/wp-content\/uploads\/2025\/07\/sigl-bedachungen-flachdach-quadrat-scaled.jpg&#8220; title_text=&#8220;sigl-bedachungen-flachdach-quadrat&#8220; url=&#8220;@ET-DC@eyJkeW5hbWljIjp0cnVlLCJjb250ZW50IjoicG9zdF9saW5rX3VybF9wYWdlIiwic2V0dGluZ3MiOnsicG9zdF9pZCI6IjE0ODcifX0=@&#8220; use_overlay=&#8220;on&#8220; overlay_icon_color=&#8220;#eb5b2b&#8220; _builder_version=&#8220;4.27.4&#8243; _dynamic_attributes=&#8220;url&#8220; _module_preset=&#8220;default&#8220; global_colors_info=&#8220;{}&#8220;][\/et_pb_image][et_pb_text _builder_version=&#8220;4.27.4&#8243; _dynamic_attributes=&#8220;link_option_url&#8220; _module_preset=&#8220;default&#8220; background_enable_image=&#8220;off&#8220; link_option_url=&#8220;@ET-DC@eyJkeW5hbWljIjp0cnVlLCJjb250ZW50IjoicG9zdF9saW5rX3VybF9wYWdlIiwic2V0dGluZ3MiOnsicG9zdF9pZCI6IjE0ODcifX0=@&#8220; global_colors_info=&#8220;{}&#8220;]<\/p>\n<h1 style=\"text-align: center;\"><span style=\"color: #eb5b2b;\"><strong>FLACHD\u00c4CHER<\/strong><\/span><\/h1>\n<p>[\/et_pb_text][\/et_pb_column][\/et_pb_row][\/et_pb_section]<\/p>\n","protected":false},"excerpt":{"rendered":"<p>UNSERE LEISTUNGEN.DACHFL\u00c4CHENFENSTER Austausch und Neueinbau von Dachfl\u00e4chenfenstern aller Art mit ausgew\u00e4hlten Herstellern. Wir beraten Sie f\u00fcr die optimale Lichtl\u00f6sung in Ihrem Dachgeschoss und haben, bei Bedarf, auch einen Zimmerer und Innenausbauer zur Hand. Partner:BLECHD\u00c4CHERZIEGELD\u00c4CHERENERGETISCHE SANIERUNGENPV ANLAGENSPENGLER ARBEITENDACHFL\u00c4CHEN FENSTERDACHWARTUNGFLACHD\u00c4CHER<\/p>\n","protected":false},"author":1,"featured_media":0,"parent":1229,"menu_order":0,"comment_status":"closed","ping_status":"closed","template":"","meta":{"_et_pb_use_builder":"on","_et_pb_old_content":"","_et_gb_content_width":"","footnotes":""},"class_list":["post-1458","page","type-page","status-publish","hentry"],"yoast_head":"<!-- This site is optimized with the Yoast SEO plugin v27.6 - https:\/\/yoast.com\/product\/yoast-seo-wordpress\/ -->\n<title>Dachfl\u00e4chenfenster - Sigl Bedachungen<\/title>\n<meta name=\"robots\" content=\"index, follow, max-snippet:-1, max-image-preview:large, max-video-preview:-1\" \/>\n<link rel=\"canonical\" href=\"https:\/\/sigl-bedachungen.de\/?page_id=1458\" \/>\n<meta property=\"og:locale\" content=\"de_DE\" \/>\n<meta property=\"og:type\" content=\"article\" \/>\n<meta property=\"og:title\" content=\"Dachfl\u00e4chenfenster - Sigl Bedachungen\" \/>\n<meta property=\"og:description\" content=\"UNSERE LEISTUNGEN.DACHFL\u00c4CHENFENSTER Austausch und Neueinbau von Dachfl\u00e4chenfenstern aller Art mit ausgew\u00e4hlten Herstellern. Wir beraten Sie f\u00fcr die optimale Lichtl\u00f6sung in Ihrem Dachgeschoss und haben, bei Bedarf, auch einen Zimmerer und Innenausbauer zur Hand. Partner:BLECHD\u00c4CHERZIEGELD\u00c4CHERENERGETISCHE SANIERUNGENPV ANLAGENSPENGLER ARBEITENDACHFL\u00c4CHEN FENSTERDACHWARTUNGFLACHD\u00c4CHER\" \/>\n<meta property=\"og:url\" content=\"https:\/\/sigl-bedachungen.de\/?page_id=1458\" \/>\n<meta property=\"og:site_name\" content=\"Sigl Bedachungen\" \/>\n<meta property=\"article:modified_time\" content=\"2025-07-24T22:33:25+00:00\" \/>\n<meta name=\"twitter:card\" content=\"summary_large_image\" \/>\n<meta name=\"twitter:label1\" content=\"Gesch\u00e4tzte Lesezeit\" \/>\n\t<meta name=\"twitter:data1\" content=\"10\u00a0Minuten\" \/>\n<script type=\"application\/ld+json\" class=\"yoast-schema-graph\">{\"@context\":\"https:\\\/\\\/schema.org\",\"@graph\":[{\"@type\":\"WebPage\",\"@id\":\"https:\\\/\\\/sigl-bedachungen.de\\\/?page_id=1458\",\"url\":\"https:\\\/\\\/sigl-bedachungen.de\\\/?page_id=1458\",\"name\":\"Dachfl\u00e4chenfenster - Sigl Bedachungen\",\"isPartOf\":{\"@id\":\"https:\\\/\\\/sigl-bedachungen.de\\\/#website\"},\"datePublished\":\"2025-07-24T15:35:18+00:00\",\"dateModified\":\"2025-07-24T22:33:25+00:00\",\"breadcrumb\":{\"@id\":\"https:\\\/\\\/sigl-bedachungen.de\\\/?page_id=1458#breadcrumb\"},\"inLanguage\":\"de\",\"potentialAction\":[{\"@type\":\"ReadAction\",\"target\":[\"https:\\\/\\\/sigl-bedachungen.de\\\/?page_id=1458\"]}]},{\"@type\":\"BreadcrumbList\",\"@id\":\"https:\\\/\\\/sigl-bedachungen.de\\\/?page_id=1458#breadcrumb\",\"itemListElement\":[{\"@type\":\"ListItem\",\"position\":1,\"name\":\"Startseite\",\"item\":\"https:\\\/\\\/sigl-bedachungen.de\\\/\"},{\"@type\":\"ListItem\",\"position\":2,\"name\":\"Unsere Leistungen\",\"item\":\"https:\\\/\\\/sigl-bedachungen.de\\\/?page_id=1229\"},{\"@type\":\"ListItem\",\"position\":3,\"name\":\"Dachfl\u00e4chenfenster\"}]},{\"@type\":\"WebSite\",\"@id\":\"https:\\\/\\\/sigl-bedachungen.de\\\/#website\",\"url\":\"https:\\\/\\\/sigl-bedachungen.de\\\/\",\"name\":\"Sigl Bedachungen\",\"description\":\"Herzlich willkommen auf den Internetseiten der Firma Sigl \u2013 Ihrem Innungsfachbetrieb aus Ottobrunn f\u00fcr M\u00fcnchen und Umgebung.\",\"potentialAction\":[{\"@type\":\"SearchAction\",\"target\":{\"@type\":\"EntryPoint\",\"urlTemplate\":\"https:\\\/\\\/sigl-bedachungen.de\\\/?s={search_term_string}\"},\"query-input\":{\"@type\":\"PropertyValueSpecification\",\"valueRequired\":true,\"valueName\":\"search_term_string\"}}],\"inLanguage\":\"de\"}]}<\/script>\n<!-- \/ Yoast SEO plugin. -->","yoast_head_json":{"title":"Dachfl\u00e4chenfenster - Sigl Bedachungen","robots":{"index":"index","follow":"follow","max-snippet":"max-snippet:-1","max-image-preview":"max-image-preview:large","max-video-preview":"max-video-preview:-1"},"canonical":"https:\/\/sigl-bedachungen.de\/?page_id=1458","og_locale":"de_DE","og_type":"article","og_title":"Dachfl\u00e4chenfenster - Sigl Bedachungen","og_description":"UNSERE LEISTUNGEN.DACHFL\u00c4CHENFENSTER Austausch und Neueinbau von Dachfl\u00e4chenfenstern aller Art mit ausgew\u00e4hlten Herstellern. Wir beraten Sie f\u00fcr die optimale Lichtl\u00f6sung in Ihrem Dachgeschoss und haben, bei Bedarf, auch einen Zimmerer und Innenausbauer zur Hand. Partner:BLECHD\u00c4CHERZIEGELD\u00c4CHERENERGETISCHE SANIERUNGENPV ANLAGENSPENGLER ARBEITENDACHFL\u00c4CHEN FENSTERDACHWARTUNGFLACHD\u00c4CHER","og_url":"https:\/\/sigl-bedachungen.de\/?page_id=1458","og_site_name":"Sigl Bedachungen","article_modified_time":"2025-07-24T22:33:25+00:00","twitter_card":"summary_large_image","twitter_misc":{"Gesch\u00e4tzte Lesezeit":"10\u00a0Minuten"},"schema":{"@context":"https:\/\/schema.org","@graph":[{"@type":"WebPage","@id":"https:\/\/sigl-bedachungen.de\/?page_id=1458","url":"https:\/\/sigl-bedachungen.de\/?page_id=1458","name":"Dachfl\u00e4chenfenster - Sigl Bedachungen","isPartOf":{"@id":"https:\/\/sigl-bedachungen.de\/#website"},"datePublished":"2025-07-24T15:35:18+00:00","dateModified":"2025-07-24T22:33:25+00:00","breadcrumb":{"@id":"https:\/\/sigl-bedachungen.de\/?page_id=1458#breadcrumb"},"inLanguage":"de","potentialAction":[{"@type":"ReadAction","target":["https:\/\/sigl-bedachungen.de\/?page_id=1458"]}]},{"@type":"BreadcrumbList","@id":"https:\/\/sigl-bedachungen.de\/?page_id=1458#breadcrumb","itemListElement":[{"@type":"ListItem","position":1,"name":"Startseite","item":"https:\/\/sigl-bedachungen.de\/"},{"@type":"ListItem","position":2,"name":"Unsere Leistungen","item":"https:\/\/sigl-bedachungen.de\/?page_id=1229"},{"@type":"ListItem","position":3,"name":"Dachfl\u00e4chenfenster"}]},{"@type":"WebSite","@id":"https:\/\/sigl-bedachungen.de\/#website","url":"https:\/\/sigl-bedachungen.de\/","name":"Sigl Bedachungen","description":"Herzlich willkommen auf den Internetseiten der Firma Sigl \u2013 Ihrem Innungsfachbetrieb aus Ottobrunn f\u00fcr M\u00fcnchen und Umgebung.","potentialAction":[{"@type":"SearchAction","target":{"@type":"EntryPoint","urlTemplate":"https:\/\/sigl-bedachungen.de\/?s={search_term_string}"},"query-input":{"@type":"PropertyValueSpecification","valueRequired":true,"valueName":"search_term_string"}}],"inLanguage":"de"}]}},"_links":{"self":[{"href":"https:\/\/sigl-bedachungen.de\/index.php?rest_route=\/wp\/v2\/pages\/1458","targetHints":{"allow":["GET"]}}],"collection":[{"href":"https:\/\/sigl-bedachungen.de\/index.php?rest_route=\/wp\/v2\/pages"}],"about":[{"href":"https:\/\/sigl-bedachungen.de\/index.php?rest_route=\/wp\/v2\/types\/page"}],"author":[{"embeddable":true,"href":"https:\/\/sigl-bedachungen.de\/index.php?rest_route=\/wp\/v2\/users\/1"}],"replies":[{"embeddable":true,"href":"https:\/\/sigl-bedachungen.de\/index.php?rest_route=%2Fwp%2Fv2%2Fcomments&post=1458"}],"version-history":[{"count":6,"href":"https:\/\/sigl-bedachungen.de\/index.php?rest_route=\/wp\/v2\/pages\/1458\/revisions"}],"predecessor-version":[{"id":1710,"href":"https:\/\/sigl-bedachungen.de\/index.php?rest_route=\/wp\/v2\/pages\/1458\/revisions\/1710"}],"up":[{"embeddable":true,"href":"https:\/\/sigl-bedachungen.de\/index.php?rest_route=\/wp\/v2\/pages\/1229"}],"wp:attachment":[{"href":"https:\/\/sigl-bedachungen.de\/index.php?rest_route=%2Fwp%2Fv2%2Fmedia&parent=1458"}],"curies":[{"name":"wp","href":"https:\/\/api.w.org\/{rel}","templated":true}]}}